{"id":277,"date":"2025-10-31T20:26:47","date_gmt":"2025-10-31T20:26:47","guid":{"rendered":"https:\/\/web13.remardev.com\/?page_id=277"},"modified":"2025-11-13T15:54:20","modified_gmt":"2025-11-13T15:54:20","slug":"kontakt","status":"publish","type":"page","link":"https:\/\/web13.remardev.com\/?page_id=277","title":{"rendered":"Kontakt"},"content":{"rendered":"\t\t<div data-elementor-type=\"wp-page\" data-elementor-id=\"277\" class=\"elementor elementor-277\" data-elementor-post-type=\"page\">\n\t\t\t\t<div class=\"elementor-element elementor-element-2714ae9 e-flex e-con-boxed e-con e-parent\" data-id=\"2714ae9\" data-element_type=\"container\" data-settings=\"{&quot;background_background&quot;:&quot;classic&quot;}\">\n\t\t\t\t\t<div class=\"e-con-inner\">\n\t\t<div class=\"elementor-element elementor-element-359dee7c e-con-full e-flex e-con e-child\" data-id=\"359dee7c\" data-element_type=\"container\">\n\t\t\t\t<div class=\"elementor-element elementor-element-2c2ce5dd elementor-widget elementor-widget-heading\" data-id=\"2c2ce5dd\" data-element_type=\"widget\" data-widget_type=\"heading.default\">\n\t\t\t\t\t<h2 class=\"elementor-heading-title elementor-size-default\">Kontakt<\/h2>\t\t\t\t<\/div>\n\t\t\t\t<\/div>\n\t\t\t\t\t<\/div>\n\t\t\t\t<\/div>\n\t\t<div class=\"elementor-element elementor-element-d39f88e e-flex e-con-boxed e-con e-parent\" data-id=\"d39f88e\" data-element_type=\"container\">\n\t\t\t\t\t<div class=\"e-con-inner\">\n\t\t<div class=\"elementor-element elementor-element-4c72799 e-con-full e-flex e-con e-child\" data-id=\"4c72799\" data-element_type=\"container\">\n\t\t\t\t<div class=\"elementor-element elementor-element-a843030 elementor-widget elementor-widget-icon-box\" data-id=\"a843030\" data-element_type=\"widget\" data-widget_type=\"icon-box.default\">\n\t\t\t\t\t\t\t<div class=\"elementor-icon-box-wrapper\">\n\n\t\t\t\n\t\t\t\t\t\t<div class=\"elementor-icon-box-content\">\n\n\t\t\t\t\t\t\t\t\t<h3 class=\"elementor-icon-box-title\">\n\t\t\t\t\t\t<span  >\n\t\t\t\t\t\t\tFiremn\u00ed \u00fadaje\t\t\t\t\t\t<\/span>\n\t\t\t\t\t<\/h3>\n\t\t\t\t\n\t\t\t\t\t\t\t\t\t<p class=\"elementor-icon-box-description\">\n\t\t\t\t\t\tVlastislavova 562\/15<br>\n140 00 Praha 4 Nusle<br>\nCzech Republic<br>\nI\u010cO:\n23317051<br>\nDI\u010c:\nCZ8502082402\t\t\t\t\t<\/p>\n\t\t\t\t\n\t\t\t<\/div>\n\t\t\t\n\t\t<\/div>\n\t\t\t\t\t\t<\/div>\n\t\t\t\t<\/div>\n\t\t<div class=\"elementor-element elementor-element-a7866f4 e-con-full e-flex e-con e-child\" data-id=\"a7866f4\" data-element_type=\"container\">\n\t\t\t\t<div class=\"elementor-element elementor-element-2d33c03 elementor-position-left elementor-view-default elementor-mobile-position-top elementor-widget elementor-widget-icon-box\" data-id=\"2d33c03\" data-element_type=\"widget\" data-widget_type=\"icon-box.default\">\n\t\t\t\t\t\t\t<div class=\"elementor-icon-box-wrapper\">\n\n\t\t\t\t\t\t<div class=\"elementor-icon-box-icon\">\n\t\t\t\t<span  class=\"elementor-icon\">\n\t\t\t\t<svg xmlns=\"http:\/\/www.w3.org\/2000\/svg\" xmlns:xlink=\"http:\/\/www.w3.org\/1999\/xlink\" width=\"500\" zoomAndPan=\"magnify\" viewBox=\"0 0 375 374.999991\" height=\"500\" preserveAspectRatio=\"xMidYMid meet\"><defs><clipPath id=\"f40b189d86\"><path d=\"M 18 11.015625 L 374 11.015625 L 374 362 L 18 362 Z M 18 11.015625 \" clip-rule=\"nonzero\"><\/path><\/clipPath><\/defs><g clip-path=\"url(#f40b189d86)\"><path fill=\"#8baa83\" d=\"M 57.214844 14.867188 C 57.214844 14.867188 -0.0664062 78.859375 25.394531 134.035156 C 49.144531 185.503906 120.921875 304.957031 241.425781 353.835938 C 259.011719 360.988281 278.3125 363.792969 296.996094 360.394531 C 310.988281 357.851562 349.628906 349.429688 362.324219 334.277344 C 363.664062 332.675781 366.164062 330.8125 368.683594 326.953125 C 370.898438 323.550781 374.976562 319.078125 373.441406 311.449219 C 371.382812 301.183594 327.984375 261.140625 311.207031 245.988281 C 306.273438 241.535156 299.933594 238.835938 293.3125 238.835938 C 288.992188 238.835938 285.066406 239.824219 283.464844 242.675781 C 271.753906 263.488281 259.40625 277.257812 248.949219 282.742188 C 235.242188 289.933594 149.933594 230.65625 115.503906 161.140625 C 110.175781 150.394531 112.457031 137.433594 121.117188 129.144531 C 131.929688 118.816406 149.386719 101.335938 149.890625 97.785156 C 150.746094 91.84375 148.464844 88.15625 145.085938 80.527344 C 142.414062 74.515625 103.441406 36.316406 86.972656 20.351562 C 81.007812 14.5625 73.003906 11.140625 64.691406 11.425781 C 61.953125 11.535156 58.3125 13.550781 57.214844 14.867188 Z M 57.214844 14.867188 \" fill-opacity=\"1\" fill-rule=\"nonzero\"><\/path><\/g><\/svg>\t\t\t\t<\/span>\n\t\t\t<\/div>\n\t\t\t\n\t\t\t\t\t\t<div class=\"elementor-icon-box-content\">\n\n\t\t\t\t\t\t\t\t\t<h3 class=\"elementor-icon-box-title\">\n\t\t\t\t\t\t<span  >\n\t\t\t\t\t\t\tTelefonn\u00ed \u010d\u00edslo\t\t\t\t\t\t<\/span>\n\t\t\t\t\t<\/h3>\n\t\t\t\t\n\t\t\t\t\t\t\t\t\t<p class=\"elementor-icon-box-description\">\n\t\t\t\t\t\t+420 730 636 063\t\t\t\t\t<\/p>\n\t\t\t\t\n\t\t\t<\/div>\n\t\t\t\n\t\t<\/div>\n\t\t\t\t\t\t<\/div>\n\t\t\t\t<\/div>\n\t\t<div class=\"elementor-element elementor-element-0b8c3d2 e-con-full e-flex e-con e-child\" data-id=\"0b8c3d2\" data-element_type=\"container\">\n\t\t\t\t<div class=\"elementor-element elementor-element-89876bf elementor-position-left elementor-view-default elementor-mobile-position-top elementor-widget elementor-widget-icon-box\" data-id=\"89876bf\" data-element_type=\"widget\" data-widget_type=\"icon-box.default\">\n\t\t\t\t\t\t\t<div class=\"elementor-icon-box-wrapper\">\n\n\t\t\t\t\t\t<div class=\"elementor-icon-box-icon\">\n\t\t\t\t<span  class=\"elementor-icon\">\n\t\t\t\t<svg xmlns=\"http:\/\/www.w3.org\/2000\/svg\" xmlns:xlink=\"http:\/\/www.w3.org\/1999\/xlink\" width=\"500\" zoomAndPan=\"magnify\" viewBox=\"0 0 375 374.999991\" height=\"500\" preserveAspectRatio=\"xMidYMid meet\"><defs><clipPath id=\"613a729b6d\"><path d=\"M 1.648438 39.375 L 373.351562 39.375 L 373.351562 337.496094 L 1.648438 337.496094 Z M 1.648438 39.375 \" clip-rule=\"nonzero\"><\/path><\/clipPath><\/defs><g clip-path=\"url(#613a729b6d)\"><path fill=\"#8baa83\" d=\"M 327.601562 302.8125 L 47.023438 302.8125 C 38.625 302.8125 31.386719 294.414062 31.386719 284.125 L 31.386719 93.894531 L 178.550781 205.597656 C 178.921875 205.972656 178.921875 205.972656 179.308594 205.972656 C 179.683594 205.972656 179.683594 206.359375 180.070312 206.359375 C 181.214844 207.117188 182.363281 207.503906 183.492188 207.878906 C 185.027344 208.265625 186.175781 208.636719 187.695312 208.636719 C 189.210938 208.636719 190.359375 208.265625 191.894531 207.878906 L 192.265625 207.878906 C 193.410156 207.503906 194.558594 207.117188 195.707031 206.359375 C 196.078125 206.359375 196.078125 205.972656 196.464844 205.972656 C 196.835938 205.972656 196.835938 205.597656 197.222656 205.597656 L 343.613281 93.894531 L 343.613281 283.753906 C 343.238281 294.414062 336.375 302.8125 327.601562 302.8125 Z M 305.488281 74.074219 L 187.304688 164.421875 L 69.125 74.074219 Z M 327.601562 39.375 L 47.023438 39.375 C 21.855469 39.375 1.648438 63.394531 1.648438 93.136719 L 1.648438 283.753906 C 1.648438 313.105469 22.230469 337.496094 47.023438 337.496094 L 327.992188 337.496094 C 352.769531 337.496094 373.351562 313.476562 373.351562 283.753906 L 373.351562 93.136719 C 372.980469 63.394531 352.769531 39.375 327.601562 39.375 \" fill-opacity=\"1\" fill-rule=\"nonzero\"><\/path><\/g><\/svg>\t\t\t\t<\/span>\n\t\t\t<\/div>\n\t\t\t\n\t\t\t\t\t\t<div class=\"elementor-icon-box-content\">\n\n\t\t\t\t\t\t\t\t\t<h3 class=\"elementor-icon-box-title\">\n\t\t\t\t\t\t<span  >\n\t\t\t\t\t\t\tEmail\t\t\t\t\t\t<\/span>\n\t\t\t\t\t<\/h3>\n\t\t\t\t\n\t\t\t\t\t\t\t\t\t<p class=\"elementor-icon-box-description\">\n\t\t\t\t\t\tinfo@tuttobuono.cz\t\t\t\t\t<\/p>\n\t\t\t\t\n\t\t\t<\/div>\n\t\t\t\n\t\t<\/div>\n\t\t\t\t\t\t<\/div>\n\t\t\t\t<\/div>\n\t\t\t\t\t<\/div>\n\t\t\t\t<\/div>\n\t\t<div class=\"elementor-element elementor-element-eb59cb5 nakupujunas e-flex e-con-boxed e-con e-parent\" data-id=\"eb59cb5\" data-element_type=\"container\" id=\"nakupujunas\">\n\t\t\t\t\t<div class=\"e-con-inner\">\n\t\t\t\t<div class=\"elementor-element elementor-element-0378cf0 elementor-widget elementor-widget-heading\" data-id=\"0378cf0\" data-element_type=\"widget\" data-widget_type=\"heading.default\">\n\t\t\t\t\t<h2 class=\"elementor-heading-title elementor-size-default\">Objednejte si u n\u00e1s<\/h2>\t\t\t\t<\/div>\n\t\t<div class=\"elementor-element elementor-element-6154b19 e-con-full e-flex e-con e-child\" data-id=\"6154b19\" data-element_type=\"container\">\n\t\t\t\t<div class=\"elementor-element elementor-element-ff2a14c elementor-button-align-center elementor-widget elementor-widget-form\" data-id=\"ff2a14c\" data-element_type=\"widget\" data-settings=\"{&quot;step_next_label&quot;:&quot;Next&quot;,&quot;step_previous_label&quot;:&quot;Previous&quot;,&quot;button_width&quot;:&quot;100&quot;,&quot;step_type&quot;:&quot;number_text&quot;,&quot;step_icon_shape&quot;:&quot;circle&quot;}\" data-widget_type=\"form.default\">\n\t\t\t\t\t\t\t<form class=\"elementor-form\" method=\"post\" name=\"New Form\" aria-label=\"New Form\">\n\t\t\t<input type=\"hidden\" name=\"post_id\" value=\"277\"\/>\n\t\t\t<input type=\"hidden\" name=\"form_id\" value=\"ff2a14c\"\/>\n\t\t\t<input type=\"hidden\" name=\"referer_title\" value=\"Kontakt\" \/>\n\n\t\t\t\t\t\t\t<input type=\"hidden\" name=\"queried_id\" value=\"277\"\/>\n\t\t\t\n\t\t\t<div class=\"elementor-form-fields-wrapper elementor-labels-above\">\n\t\t\t\t\t\t\t\t<div class=\"elementor-field-type-text elementor-field-group elementor-column elementor-field-group-name elementor-col-50\">\n\t\t\t\t\t\t\t\t\t\t\t\t\t<input size=\"1\" type=\"text\" name=\"form_fields[name]\" id=\"form-field-name\" class=\"elementor-field elementor-size-sm  elementor-field-textual\" placeholder=\"Jm\u00e9no a p\u0159\u00edjmen\u00ed\">\n\t\t\t\t\t\t\t\t\t\t\t<\/div>\n\t\t\t\t\t\t\t\t<div class=\"elementor-field-type-email elementor-field-group elementor-column elementor-field-group-email elementor-col-50 elementor-field-required\">\n\t\t\t\t\t\t\t\t\t\t\t\t\t<input size=\"1\" type=\"email\" name=\"form_fields[email]\" id=\"form-field-email\" class=\"elementor-field elementor-size-sm  elementor-field-textual\" placeholder=\"Email\" required=\"required\">\n\t\t\t\t\t\t\t\t\t\t\t<\/div>\n\t\t\t\t\t\t\t\t<div class=\"elementor-field-type-tel elementor-field-group elementor-column elementor-field-group-field_9ea8335 elementor-col-50 elementor-field-required\">\n\t\t\t\t\t\t\t<input size=\"1\" type=\"tel\" name=\"form_fields[field_9ea8335]\" id=\"form-field-field_9ea8335\" class=\"elementor-field elementor-size-sm  elementor-field-textual\" placeholder=\"Telefonn\u00ed \u010d\u00edslo\" required=\"required\" pattern=\"[0-9()#&amp;+*-=.]+\" title=\"Only numbers and phone characters (#, -, *, etc) are accepted.\">\n\n\t\t\t\t\t\t<\/div>\n\t\t\t\t\t\t\t\t<div class=\"elementor-field-type-text elementor-field-group elementor-column elementor-field-group-field_2c372cd elementor-col-50\">\n\t\t\t\t\t\t\t\t\t\t\t\t\t<input size=\"1\" type=\"text\" name=\"form_fields[field_2c372cd]\" id=\"form-field-field_2c372cd\" class=\"elementor-field elementor-size-sm  elementor-field-textual\" placeholder=\"P\u0159edm\u011bt\">\n\t\t\t\t\t\t\t\t\t\t\t<\/div>\n\t\t\t\t\t\t\t\t<div class=\"elementor-field-type-textarea elementor-field-group elementor-column elementor-field-group-message elementor-col-100\">\n\t\t\t\t\t<textarea class=\"elementor-field-textual elementor-field  elementor-size-sm\" name=\"form_fields[message]\" id=\"form-field-message\" rows=\"4\" placeholder=\"Popt\u00e1vka\"><\/textarea>\t\t\t\t<\/div>\n\t\t\t\t\t\t\t\t<div class=\"elementor-field-group elementor-column elementor-field-type-submit elementor-col-100 e-form__buttons\">\n\t\t\t\t\t<button class=\"elementor-button elementor-size-sm\" type=\"submit\">\n\t\t\t\t\t\t<span class=\"elementor-button-content-wrapper\">\n\t\t\t\t\t\t\t\t\t\t\t\t\t\t\t\t\t\t\t\t\t\t<span class=\"elementor-button-text\">Odeslat popt\u00e1vku<\/span>\n\t\t\t\t\t\t\t\t\t\t\t\t\t<\/span>\n\t\t\t\t\t<\/button>\n\t\t\t\t<\/div>\n\t\t\t<\/div>\n\t\t<\/form>\n\t\t\t\t\t\t<\/div>\n\t\t\t\t<\/div>\n\t\t\t\t\t<\/div>\n\t\t\t\t<\/div>\n\t\t\t\t<\/div>\n\t\t","protected":false},"excerpt":{"rendered":"<p>Kontakt Firemn\u00ed \u00fadaje Vlastislavova 562\/15 140 00 Praha 4 Nusle Czech Republic I\u010cO: 23317051 DI\u010c: CZ8502082402 Telefonn\u00ed \u010d\u00edslo +420 730 636 063 Email info@tuttobuono.cz Objednejte si u n\u00e1s<\/p>\n","protected":false},"author":1,"featured_media":0,"parent":0,"menu_order":0,"comment_status":"closed","ping_status":"closed","template":"","meta":{"footnotes":""},"class_list":["post-277","page","type-page","status-publish","hentry"],"_links":{"self":[{"href":"https:\/\/web13.remardev.com\/index.php?rest_route=\/wp\/v2\/pages\/277","targetHints":{"allow":["GET"]}}],"collection":[{"href":"https:\/\/web13.remardev.com\/index.php?rest_route=\/wp\/v2\/pages"}],"about":[{"href":"https:\/\/web13.remardev.com\/index.php?rest_route=\/wp\/v2\/types\/page"}],"author":[{"embeddable":true,"href":"https:\/\/web13.remardev.com\/index.php?rest_route=\/wp\/v2\/users\/1"}],"replies":[{"embeddable":true,"href":"https:\/\/web13.remardev.com\/index.php?rest_route=%2Fwp%2Fv2%2Fcomments&post=277"}],"version-history":[{"count":22,"href":"https:\/\/web13.remardev.com\/index.php?rest_route=\/wp\/v2\/pages\/277\/revisions"}],"predecessor-version":[{"id":640,"href":"https:\/\/web13.remardev.com\/index.php?rest_route=\/wp\/v2\/pages\/277\/revisions\/640"}],"wp:attachment":[{"href":"https:\/\/web13.remardev.com\/index.php?rest_route=%2Fwp%2Fv2%2Fmedia&parent=277"}],"curies":[{"name":"wp","href":"https:\/\/api.w.org\/{rel}","templated":true}]}}